{"id":743,"date":"2024-11-07T15:09:21","date_gmt":"2024-11-07T14:09:21","guid":{"rendered":"https:\/\/dev.codd-date.com\/contactos\/"},"modified":"2024-12-10T18:16:28","modified_gmt":"2024-12-10T17:16:28","slug":"contactos","status":"publish","type":"page","link":"https:\/\/www.codd-date.com\/es\/contactos\/","title":{"rendered":"Contactos"},"content":{"rendered":"[vc_row type=\u00bbfull_width_background\u00bb full_screen_row_position=\u00bbmiddle\u00bb column_margin=\u00bbdefault\u00bb column_direction=\u00bbdefault\u00bb column_direction_tablet=\u00bbdefault\u00bb column_direction_phone=\u00bbdefault\u00bb bg_color=\u00bb#bc2b30&#8243; scene_position=\u00bbcenter\u00bb top_padding=\u00bb5%\u00bb constrain_group_1=\u00bbyes\u00bb bottom_padding=\u00bb5%\u00bb text_color=\u00bblight\u00bb text_align=\u00bbleft\u00bb row_border_radius=\u00bbnone\u00bb row_border_radius_applies=\u00bbbg\u00bb overflow=\u00bbvisible\u00bb overlay_strength=\u00bb0.3&#8243; gradient_direction=\u00bbleft_to_right\u00bb shape_divider_position=\u00bbbottom\u00bb bg_image_animation=\u00bbnone\u00bb gradient_type=\u00bbdefault\u00bb shape_type=\u00bb\u00bb][vc_column column_padding=\u00bbno-extra-padding\u00bb column_padding_tablet=\u00bbinherit\u00bb column_padding_phone=\u00bbinherit\u00bb column_padding_position=\u00bball\u00bb column_element_direction_desktop=\u00bbdefault\u00bb column_element_spacing=\u00bbdefault\u00bb desktop_text_alignment=\u00bbdefault\u00bb tablet_text_alignment=\u00bbdefault\u00bb phone_text_alignment=\u00bbdefault\u00bb background_color_opacity=\u00bb1&#8243; background_hover_color_opacity=\u00bb1&#8243; column_backdrop_filter=\u00bbnone\u00bb column_shadow=\u00bbnone\u00bb column_border_radius=\u00bbnone\u00bb column_link_target=\u00bb_self\u00bb column_position=\u00bbdefault\u00bb gradient_direction=\u00bbleft_to_right\u00bb overlay_strength=\u00bb0.3&#8243; width=\u00bb1\/1&#8243; tablet_width_inherit=\u00bbdefault\u00bb animation_type=\u00bbdefault\u00bb bg_image_animation=\u00bbnone\u00bb border_type=\u00bbsimple\u00bb column_border_width=\u00bbnone\u00bb column_border_style=\u00bbsolid\u00bb][split_line_heading animation_type=\u00bbline-reveal-by-space\u00bb font_style=\u00bbh1&#8243; line_reveal_by_space_text_effect=\u00bbdefault\u00bb content_alignment=\u00bbdefault\u00bb mobile_content_alignment=\u00bbinherit\u00bb link_target=\u00bb_self\u00bb text_content=\u00bbCont\u00e1ctanos\u00bb text_direction=\u00bbdefault\u00bb][\/split_line_heading][\/vc_column][\/vc_row][vc_row type=\u00bbfull_width_content\u00bb full_screen_row_position=\u00bbmiddle\u00bb column_margin=\u00bbdefault\u00bb column_direction=\u00bbdefault\u00bb column_direction_tablet=\u00bbdefault\u00bb column_direction_phone=\u00bbdefault\u00bb scene_position=\u00bbcenter\u00bb constrain_group_2=\u00bbyes\u00bb text_color=\u00bbdark\u00bb text_align=\u00bbleft\u00bb row_border_radius=\u00bbnone\u00bb row_border_radius_applies=\u00bbbg\u00bb overflow=\u00bbvisible\u00bb overlay_strength=\u00bb0.3&#8243; gradient_direction=\u00bbleft_to_right\u00bb shape_divider_position=\u00bbbottom\u00bb bg_image_animation=\u00bbnone\u00bb gradient_type=\u00bbdefault\u00bb shape_type=\u00bb\u00bb][vc_column column_padding=\u00bbno-extra-padding\u00bb column_padding_tablet=\u00bbinherit\u00bb column_padding_phone=\u00bbinherit\u00bb column_padding_position=\u00bball\u00bb column_element_direction_desktop=\u00bbdefault\u00bb column_element_spacing=\u00bbdefault\u00bb desktop_text_alignment=\u00bbdefault\u00bb tablet_text_alignment=\u00bbdefault\u00bb phone_text_alignment=\u00bbdefault\u00bb background_color_opacity=\u00bb1&#8243; background_hover_color_opacity=\u00bb1&#8243; column_backdrop_filter=\u00bbnone\u00bb column_shadow=\u00bbnone\u00bb column_border_radius=\u00bbnone\u00bb column_link_target=\u00bb_self\u00bb column_position=\u00bbdefault\u00bb gradient_direction=\u00bbleft_to_right\u00bb overlay_strength=\u00bb0.3&#8243; width=\u00bb1\/1&#8243; tablet_width_inherit=\u00bbdefault\u00bb animation_type=\u00bbdefault\u00bb bg_image_animation=\u00bbnone\u00bb border_type=\u00bbsimple\u00bb column_border_width=\u00bbnone\u00bb column_border_style=\u00bbsolid\u00bb][vc_row_inner equal_height=\u00bbyes\u00bb content_placement=\u00bbmiddle\u00bb column_margin=\u00bbdefault\u00bb column_direction=\u00bbdefault\u00bb column_direction_tablet=\u00bbdefault\u00bb column_direction_phone=\u00bbdefault\u00bb text_align=\u00bbleft\u00bb row_position=\u00bbdefault\u00bb row_position_tablet=\u00bbinherit\u00bb row_position_phone=\u00bbinherit\u00bb overflow=\u00bbvisible\u00bb pointer_events=\u00bball\u00bb][vc_column_inner column_padding=\u00bbpadding-10-percent\u00bb column_padding_tablet=\u00bbpadding-5-percent\u00bb column_padding_phone=\u00bbpadding-5-percent\u00bb column_padding_position=\u00bball\u00bb column_element_direction_desktop=\u00bbdefault\u00bb column_element_spacing=\u00bbdefault\u00bb desktop_text_alignment=\u00bbdefault\u00bb tablet_text_alignment=\u00bbdefault\u00bb phone_text_alignment=\u00bbdefault\u00bb background_color_opacity=\u00bb1&#8243; background_hover_color_opacity=\u00bb1&#8243; column_backdrop_filter=\u00bbnone\u00bb column_shadow=\u00bbnone\u00bb column_border_radius=\u00bbnone\u00bb column_link_target=\u00bb_self\u00bb overflow=\u00bbvisible\u00bb gradient_direction=\u00bbleft_to_right\u00bb overlay_strength=\u00bb0.3&#8243; width=\u00bb1\/2&#8243; tablet_width_inherit=\u00bbdefault\u00bb animation_type=\u00bbdefault\u00bb bg_image_animation=\u00bbnone\u00bb border_type=\u00bbsimple\u00bb column_border_width=\u00bbnone\u00bb column_border_style=\u00bbsolid\u00bb column_padding_type=\u00bbdefault\u00bb gradient_type=\u00bbdefault\u00bb][vc_column_text css=\u00bb\u00bb text_direction=\u00bbdefault\u00bb]\n<h2>Milano<\/h2>\n<p>Via Copernico 38, 20125 Milano<br \/>\nTel +39 02 87393631[\/vc_column_text][divider line_type=\u00bbFull Width Line\u00bb line_thickness=\u00bb1&#8243; divider_color=\u00bbdefault\u00bb animate=\u00bbyes\u00bb custom_height=\u00bb150px\u00bb][vc_column_text css=\u00bb\u00bb text_direction=\u00bbdefault\u00bb]\n<h2>Lugano<\/h2>\n<p>Via Luciano Zuccoli 19, 6900 Paradiso<br \/>\nTel +41 919433843[\/vc_column_text][\/vc_column_inner][vc_column_inner column_padding=\u00bbpadding-5-percent\u00bb column_padding_tablet=\u00bbinherit\u00bb column_padding_phone=\u00bbinherit\u00bb column_padding_position=\u00bball\u00bb column_element_direction_desktop=\u00bbdefault\u00bb column_element_spacing=\u00bbdefault\u00bb desktop_text_alignment=\u00bbdefault\u00bb tablet_text_alignment=\u00bbdefault\u00bb phone_text_alignment=\u00bbdefault\u00bb background_color=\u00bb#efefef\u00bb background_color_opacity=\u00bb1&#8243; background_hover_color_opacity=\u00bb1&#8243; column_backdrop_filter=\u00bbnone\u00bb column_shadow=\u00bbnone\u00bb column_border_radius=\u00bbnone\u00bb column_link_target=\u00bb_self\u00bb overflow=\u00bbvisible\u00bb gradient_direction=\u00bbleft_to_right\u00bb overlay_strength=\u00bb0.3&#8243; width=\u00bb1\/2&#8243; tablet_width_inherit=\u00bbdefault\u00bb animation_type=\u00bbdefault\u00bb bg_image_animation=\u00bbnone\u00bb border_type=\u00bbsimple\u00bb column_border_width=\u00bbnone\u00bb column_border_style=\u00bbsolid\u00bb column_padding_type=\u00bbdefault\u00bb gradient_type=\u00bbdefault\u00bb][vc_column_text css=\u00bb\u00bb text_direction=\u00bbdefault\u00bb]\n<h2>Escr\u00edbenos en el formulario<\/h2>\n<p>Te responderemos lo antes posible.[\/vc_column_text][vc_column_text css=\u00bb\u00bb text_direction=\u00bbdefault\u00bb]<div class=\"wpforms-container wpforms-container-full wpforms-render-modern\" id=\"wpforms-455\"><form id=\"wpforms-form-455\" class=\"wpforms-validate wpforms-form wpforms-ajax-form\" data-formid=\"455\" method=\"post\" enctype=\"multipart\/form-data\" action=\"\/es\/wp-json\/wp\/v2\/pages\/743\" data-token=\"23c7e38738fdf20377da99ab3f4d450b\" data-token-time=\"1776938895\"><noscript class=\"wpforms-error-noscript\">Por favor, activa JavaScript en tu navegador para completar este formulario.<\/noscript><div class=\"wpforms-hidden\" id=\"wpforms-error-noscript\">Por favor, activa JavaScript en tu navegador para completar este formulario.<\/div><div class=\"wpforms-field-container\"><div id=\"wpforms-455-field_1-container\" class=\"wpforms-field wpforms-field-name\" data-field-id=\"1\"><fieldset><legend class=\"wpforms-field-label\">Nombre y Apellido <span class=\"wpforms-required-label\" aria-hidden=\"true\">*<\/span><\/legend><div class=\"wpforms-field-row wpforms-field-large\"><div class=\"wpforms-field-row-block wpforms-first wpforms-one-half\"><input type=\"text\" id=\"wpforms-455-field_1\" class=\"wpforms-field-name-first wpforms-field-required\" name=\"wpforms[fields][1][first]\" placeholder=\"Nombre\" aria-errormessage=\"wpforms-455-field_1-error\" required><label for=\"wpforms-455-field_1\" class=\"wpforms-field-sublabel after wpforms-sublabel-hide\">Nome<\/label><\/div><div class=\"wpforms-field-row-block wpforms-one-half\"><input type=\"text\" id=\"wpforms-455-field_1-last\" class=\"wpforms-field-name-last wpforms-field-required\" name=\"wpforms[fields][1][last]\" placeholder=\"Apellido\" aria-errormessage=\"wpforms-455-field_1-last-error\" required><label for=\"wpforms-455-field_1-last\" class=\"wpforms-field-sublabel after wpforms-sublabel-hide\">Cognome<\/label><\/div><\/div><\/fieldset><\/div><div id=\"wpforms-455-field_2-container\" class=\"wpforms-field wpforms-field-email\" data-field-id=\"2\"><label class=\"wpforms-field-label\" for=\"wpforms-455-field_2\">Correo electr\u00f3nico <span class=\"wpforms-required-label\" aria-hidden=\"true\">*<\/span><\/label><input type=\"email\" id=\"wpforms-455-field_2\" class=\"wpforms-field-large wpforms-field-required\" name=\"wpforms[fields][2]\" spellcheck=\"false\" aria-errormessage=\"wpforms-455-field_2-error\" required><\/div><div id=\"wpforms-455-field_3-container\" class=\"wpforms-field wpforms-field-textarea\" data-field-id=\"3\"><label class=\"wpforms-field-label\" for=\"wpforms-455-field_3\">Mensaje<\/label><textarea id=\"wpforms-455-field_3\" class=\"wpforms-field-medium\" name=\"wpforms[fields][3]\" aria-errormessage=\"wpforms-455-field_3-error\" ><\/textarea><\/div><div id=\"wpforms-455-field_4-container\" class=\"wpforms-field wpforms-field-checkbox\" data-field-id=\"4\"><fieldset><legend class=\"wpforms-field-label wpforms-label-hide\" aria-hidden=\"false\">casillas de verificaci\u00f3n <span class=\"wpforms-required-label\" aria-hidden=\"true\">*<\/span><\/legend><ul id=\"wpforms-455-field_4\" class=\"wpforms-field-required\"><li class=\"choice-1 depth-1\"><input type=\"checkbox\" id=\"wpforms-455-field_4_1\" name=\"wpforms[fields][4][]\" value=\"Acepto los t\u00e9rminos y condiciones seg\u00fan el art. 13 del Reglamento UE 679\/2016, tambi\u00e9n conocido como &quot;GDPR&quot;. Le informamos que Codd&amp;Date, como responsable del tratamiento, utilizar\u00e1 sus datos para dar respuesta a su solicitud. Para m\u00e1s informaci\u00f3n, puede consultar la pol\u00edtica de privacidad completa en nuestro sitio web Codd&amp;Date.   \" aria-errormessage=\"wpforms-455-field_4_1-error\" required ><label class=\"wpforms-field-label-inline\" for=\"wpforms-455-field_4_1\">Acepto los t\u00e9rminos y condiciones seg\u00fan el art. 13 del Reglamento UE 679\/2016, tambi\u00e9n conocido como \"GDPR\". Le informamos que Codd&amp;Date, como responsable del tratamiento, utilizar\u00e1 sus datos para dar respuesta a su solicitud. Para m\u00e1s informaci\u00f3n, puede consultar la pol\u00edtica de privacidad completa en nuestro sitio web Codd&amp;Date.<\/label><\/li><\/ul><\/fieldset><\/div><\/div><!-- .wpforms-field-container --><div class=\"wpforms-submit-container\" ><input type=\"hidden\" name=\"wpforms[id]\" value=\"455\"><input type=\"hidden\" name=\"page_title\" value=\"\"><input type=\"hidden\" name=\"page_url\" value=\"https:\/\/www.codd-date.com\/es\/wp-json\/wp\/v2\/pages\/743\"><button type=\"submit\" name=\"wpforms[submit]\" id=\"wpforms-submit-455\" class=\"wpforms-submit\" data-alt-text=\"Enviando...\" data-submit-text=\"Invio de mensaje\" aria-live=\"assertive\" value=\"wpforms-submit\">Invio de mensaje<\/button><img loading=\"lazy\" decoding=\"async\" src=\"https:\/\/www.codd-date.com\/wp-content\/plugins\/wpforms-lite\/assets\/images\/submit-spin.svg\" class=\"wpforms-submit-spinner\" style=\"display: none;\" width=\"26\" height=\"26\" alt=\"Cargando\"><\/div><\/form><\/div>  <!-- .wpforms-container -->[\/vc_column_text][\/vc_column_inner][\/vc_row_inner][\/vc_column][\/vc_row][vc_row type=\u00bbfull_width_background\u00bb full_screen_row_position=\u00bbmiddle\u00bb column_margin=\u00bbdefault\u00bb column_direction=\u00bbdefault\u00bb column_direction_tablet=\u00bbdefault\u00bb column_direction_phone=\u00bbdefault\u00bb bg_color=\u00bb#1672ba\u00bb scene_position=\u00bbcenter\u00bb top_padding=\u00bb3%\u00bb constrain_group_1=\u00bbyes\u00bb bottom_padding=\u00bb3%\u00bb constrain_group_2=\u00bbyes\u00bb text_color=\u00bblight\u00bb text_align=\u00bbleft\u00bb row_border_radius=\u00bbnone\u00bb row_border_radius_applies=\u00bbbg\u00bb overflow=\u00bbvisible\u00bb overlay_strength=\u00bb0.3&#8243; gradient_direction=\u00bbleft_to_right\u00bb shape_divider_position=\u00bbbottom\u00bb bg_image_animation=\u00bbnone\u00bb gradient_type=\u00bbdefault\u00bb shape_type=\u00bb\u00bb][vc_column column_padding=\u00bbno-extra-padding\u00bb column_padding_tablet=\u00bbinherit\u00bb column_padding_phone=\u00bbinherit\u00bb column_padding_position=\u00bball\u00bb column_element_direction_desktop=\u00bbdefault\u00bb column_element_spacing=\u00bbdefault\u00bb desktop_text_alignment=\u00bbdefault\u00bb tablet_text_alignment=\u00bbdefault\u00bb phone_text_alignment=\u00bbdefault\u00bb background_color_opacity=\u00bb1&#8243; background_hover_color_opacity=\u00bb1&#8243; column_backdrop_filter=\u00bbnone\u00bb column_shadow=\u00bbnone\u00bb column_border_radius=\u00bbnone\u00bb column_link_target=\u00bb_self\u00bb column_position=\u00bbdefault\u00bb gradient_direction=\u00bbleft_to_right\u00bb overlay_strength=\u00bb0.3&#8243; width=\u00bb1\/1&#8243; tablet_width_inherit=\u00bbdefault\u00bb animation_type=\u00bbdefault\u00bb bg_image_animation=\u00bbnone\u00bb border_type=\u00bbsimple\u00bb column_border_width=\u00bbnone\u00bb column_border_style=\u00bbsolid\u00bb][vc_row_inner equal_height=\u00bbyes\u00bb content_placement=\u00bbmiddle\u00bb column_margin=\u00bbdefault\u00bb column_direction=\u00bbdefault\u00bb column_direction_tablet=\u00bbdefault\u00bb column_direction_phone=\u00bbdefault\u00bb text_align=\u00bbleft\u00bb row_position=\u00bbdefault\u00bb row_position_tablet=\u00bbinherit\u00bb row_position_phone=\u00bbinherit\u00bb overflow=\u00bbvisible\u00bb pointer_events=\u00bball\u00bb][vc_column_inner column_padding=\u00bbno-extra-padding\u00bb column_padding_tablet=\u00bbinherit\u00bb column_padding_phone=\u00bbinherit\u00bb column_padding_position=\u00bball\u00bb column_element_direction_desktop=\u00bbdefault\u00bb column_element_spacing=\u00bbdefault\u00bb desktop_text_alignment=\u00bbdefault\u00bb tablet_text_alignment=\u00bbdefault\u00bb phone_text_alignment=\u00bbdefault\u00bb background_color_opacity=\u00bb1&#8243; background_hover_color_opacity=\u00bb1&#8243; column_backdrop_filter=\u00bbnone\u00bb column_shadow=\u00bbnone\u00bb column_border_radius=\u00bbnone\u00bb column_link_target=\u00bb_self\u00bb overflow=\u00bbvisible\u00bb gradient_direction=\u00bbleft_to_right\u00bb overlay_strength=\u00bb0.3&#8243; width=\u00bb3\/4&#8243; tablet_width_inherit=\u00bbdefault\u00bb animation_type=\u00bbdefault\u00bb bg_image_animation=\u00bbnone\u00bb border_type=\u00bbsimple\u00bb column_border_width=\u00bbnone\u00bb column_border_style=\u00bbsolid\u00bb][vc_column_text css=\u00bb\u00bb text_direction=\u00bbdefault\u00bb]\n<h3>\u00bfEst\u00e1s interesado en trabajar con nosotros?<br \/>\nEscr\u00edbenos en LinkedIn<\/h3>\n[\/vc_column_text][\/vc_column_inner][vc_column_inner column_padding=\u00bbno-extra-padding\u00bb column_padding_tablet=\u00bbinherit\u00bb column_padding_phone=\u00bbinherit\u00bb column_padding_position=\u00bball\u00bb column_element_direction_desktop=\u00bbdefault\u00bb column_element_spacing=\u00bbdefault\u00bb desktop_text_alignment=\u00bbdefault\u00bb tablet_text_alignment=\u00bbdefault\u00bb phone_text_alignment=\u00bbdefault\u00bb background_color_opacity=\u00bb1&#8243; background_hover_color_opacity=\u00bb1&#8243; column_backdrop_filter=\u00bbnone\u00bb column_shadow=\u00bbnone\u00bb column_border_radius=\u00bbnone\u00bb column_link_target=\u00bb_self\u00bb overflow=\u00bbvisible\u00bb gradient_direction=\u00bbleft_to_right\u00bb overlay_strength=\u00bb0.3&#8243; width=\u00bb1\/4&#8243; tablet_width_inherit=\u00bbdefault\u00bb animation_type=\u00bbdefault\u00bb bg_image_animation=\u00bbnone\u00bb border_type=\u00bbsimple\u00bb column_border_width=\u00bbnone\u00bb column_border_style=\u00bbsolid\u00bb][nectar_cta btn_style=\u00bbtext-reveal\u00bb heading_tag=\u00bbh6&#8243; border_radius=\u00bb5&#8243; button_color=\u00bbwhite\u00bb text_color=\u00bb#38383b\u00bb text_color_hover=\u00bb#bc2b30&#8243; button_border_thickness=\u00bb0px\u00bb link_type=\u00bbnew_tab\u00bb alignment=\u00bbcenter\u00bb alignment_tablet=\u00bbdefault\u00bb alignment_phone=\u00bbdefault\u00bb constrain_group_3=\u00bbyes\u00bb constrain_group_4=\u00bbyes\u00bb display=\u00bbblock\u00bb display_tablet=\u00bbinherit\u00bb display_phone=\u00bbinherit\u00bb icon_family=\u00bbfontawesome\u00bb link_text=\u00bbVisita nuestra p\u00e1gina\u00bb padding_top=\u00bb5%\u00bb padding_bottom=\u00bb5%\u00bb icon_fontawesome=\u00bbfa fa-linkedin\u00bb url=\u00bbhttps:\/\/www.linkedin.com\/company\/ac&amp;d-s-r-l-\/\u00bb padding_left=\u00bb5%\u00bb padding_right=\u00bb5%\u00bb][\/vc_column_inner][\/vc_row_inner][\/vc_column][\/vc_row]\n","protected":false},"excerpt":{"rendered":"<p>[vc_row type=\u00bbfull_width_background\u00bb full_screen_row_position=\u00bbmiddle\u00bb column_margin=\u00bbdefault\u00bb column_direction=\u00bbdefault\u00bb column_direction_tablet=\u00bbdefault\u00bb column_direction_phone=\u00bbdefault\u00bb bg_color=\u00bb#bc2b30&#8243; scene_position=\u00bbcenter\u00bb top_padding=\u00bb5%\u00bb constrain_group_1=\u00bbyes\u00bb bottom_padding=\u00bb5%\u00bb text_color=\u00bblight\u00bb text_align=\u00bbleft\u00bb row_border_radius=\u00bbnone\u00bb row_border_radius_applies=\u00bbbg\u00bb overflow=\u00bbvisible\u00bb overlay_strength=\u00bb0.3&#8243; gradient_direction=\u00bbleft_to_right\u00bb shape_divider_position=\u00bbbottom\u00bb bg_image_animation=\u00bbnone\u00bb gradient_type=\u00bbdefault\u00bb shape_type=\u00bb\u00bb][vc_column column_padding=\u00bbno-extra-padding\u00bb column_padding_tablet=\u00bbinherit\u00bb column_padding_phone=\u00bbinherit\u00bb column_padding_position=\u00bball\u00bb column_element_direction_desktop=\u00bbdefault\u00bb column_element_spacing=\u00bbdefault\u00bb desktop_text_alignment=\u00bbdefault\u00bb&#8230;<\/p>\n","protected":false},"author":2,"featured_media":0,"parent":0,"menu_order":0,"comment_status":"closed","ping_status":"closed","template":"","meta":{"footnotes":""},"class_list":["post-743","page","type-page","status-publish"],"yoast_head":"<!-- This site is optimized with the Yoast SEO plugin v24.1 - https:\/\/yoast.com\/wordpress\/plugins\/seo\/ -->\n<title>Contactos - codd&amp;date<\/title>\n<meta name=\"description\" content=\"Con Codd&amp;Date, aumenta la efectividad de las iniciativas estrat\u00e9gicas en gobernanza de TI, enfoques basados en datos y estrategia de TI. Entra y cont\u00e1ctanos. Entra y cont\u00e1ctanos.\" \/>\n<meta name=\"robots\" content=\"index, follow, max-snippet:-1, max-image-preview:large, max-video-preview:-1\" \/>\n<link rel=\"canonical\" href=\"https:\/\/www.codd-date.com\/es\/contactos\/\" \/>\n<meta property=\"og:locale\" content=\"es_ES\" \/>\n<meta property=\"og:type\" content=\"article\" \/>\n<meta property=\"og:title\" content=\"codd&amp;date - Contactos\" \/>\n<meta property=\"og:description\" content=\"Con Codd&amp;Date, aumenta la efectividad de las iniciativas estrat\u00e9gicas en gobernanza de TI, enfoques basados en datos y estrategia de TI. Entra y cont\u00e1ctanos. Entra y cont\u00e1ctanos.\" \/>\n<meta property=\"og:url\" content=\"https:\/\/www.codd-date.com\/es\/contactos\/\" \/>\n<meta property=\"og:site_name\" content=\"codd&amp;date\" \/>\n<meta property=\"article:modified_time\" content=\"2024-12-10T17:16:28+00:00\" \/>\n<meta property=\"og:image\" content=\"https:\/\/dev.codd-date.com\/wp-content\/uploads\/2024\/11\/codd_date_3d-abstract-background-with-low-poly-plexus-design-1024x717.jpg\" \/>\n<meta name=\"twitter:card\" content=\"summary_large_image\" \/>\n<meta name=\"twitter:label1\" content=\"Tiempo de lectura\" \/>\n\t<meta name=\"twitter:data1\" content=\"6 minutos\" \/>\n<script type=\"application\/ld+json\" class=\"yoast-schema-graph\">{\"@context\":\"https:\/\/schema.org\",\"@graph\":[{\"@type\":\"WebPage\",\"@id\":\"https:\/\/www.codd-date.com\/es\/contactos\/\",\"url\":\"https:\/\/www.codd-date.com\/es\/contactos\/\",\"name\":\"Contactos - codd&amp;date\",\"isPartOf\":{\"@id\":\"https:\/\/www.codd-date.com\/es\/#website\"},\"datePublished\":\"2024-11-07T14:09:21+00:00\",\"dateModified\":\"2024-12-10T17:16:28+00:00\",\"description\":\"Con Codd&Date, aumenta la efectividad de las iniciativas estrat\u00e9gicas en gobernanza de TI, enfoques basados en datos y estrategia de TI. Entra y cont\u00e1ctanos. Entra y cont\u00e1ctanos.\",\"breadcrumb\":{\"@id\":\"https:\/\/www.codd-date.com\/es\/contactos\/#breadcrumb\"},\"inLanguage\":\"es\",\"potentialAction\":[{\"@type\":\"ReadAction\",\"target\":[\"https:\/\/www.codd-date.com\/es\/contactos\/\"]}]},{\"@type\":\"BreadcrumbList\",\"@id\":\"https:\/\/www.codd-date.com\/es\/contactos\/#breadcrumb\",\"itemListElement\":[{\"@type\":\"ListItem\",\"position\":1,\"name\":\"Home\",\"item\":\"https:\/\/www.codd-date.com\/es\/\"},{\"@type\":\"ListItem\",\"position\":2,\"name\":\"Contactos\"}]},{\"@type\":\"WebSite\",\"@id\":\"https:\/\/www.codd-date.com\/es\/#website\",\"url\":\"https:\/\/www.codd-date.com\/es\/\",\"name\":\"Codd&Date\",\"description\":\"Consulting and Solution\",\"publisher\":{\"@id\":\"https:\/\/www.codd-date.com\/es\/#organization\"},\"potentialAction\":[{\"@type\":\"SearchAction\",\"target\":{\"@type\":\"EntryPoint\",\"urlTemplate\":\"https:\/\/www.codd-date.com\/es\/?s={search_term_string}\"},\"query-input\":{\"@type\":\"PropertyValueSpecification\",\"valueRequired\":true,\"valueName\":\"search_term_string\"}}],\"inLanguage\":\"es\"},{\"@type\":\"Organization\",\"@id\":\"https:\/\/www.codd-date.com\/es\/#organization\",\"name\":\"Codd&Date\",\"url\":\"https:\/\/www.codd-date.com\/es\/\",\"logo\":{\"@type\":\"ImageObject\",\"inLanguage\":\"es\",\"@id\":\"https:\/\/www.codd-date.com\/es\/#\/schema\/logo\/image\/\",\"url\":\"https:\/\/www.codd-date.com\/wp-content\/uploads\/2024\/11\/codd_date_logo_300_color.png\",\"contentUrl\":\"https:\/\/www.codd-date.com\/wp-content\/uploads\/2024\/11\/codd_date_logo_300_color.png\",\"width\":300,\"height\":51,\"caption\":\"Codd&Date\"},\"image\":{\"@id\":\"https:\/\/www.codd-date.com\/es\/#\/schema\/logo\/image\/\"}}]}<\/script>\n<!-- \/ Yoast SEO plugin. -->","yoast_head_json":{"title":"Contactos - codd&amp;date","description":"Con Codd&Date, aumenta la efectividad de las iniciativas estrat\u00e9gicas en gobernanza de TI, enfoques basados en datos y estrategia de TI. Entra y cont\u00e1ctanos. Entra y cont\u00e1ctanos.","robots":{"index":"index","follow":"follow","max-snippet":"max-snippet:-1","max-image-preview":"max-image-preview:large","max-video-preview":"max-video-preview:-1"},"canonical":"https:\/\/www.codd-date.com\/es\/contactos\/","og_locale":"es_ES","og_type":"article","og_title":"codd&amp;date - Contactos","og_description":"Con Codd&Date, aumenta la efectividad de las iniciativas estrat\u00e9gicas en gobernanza de TI, enfoques basados en datos y estrategia de TI. Entra y cont\u00e1ctanos. Entra y cont\u00e1ctanos.","og_url":"https:\/\/www.codd-date.com\/es\/contactos\/","og_site_name":"codd&amp;date","article_modified_time":"2024-12-10T17:16:28+00:00","og_image":[{"url":"https:\/\/dev.codd-date.com\/wp-content\/uploads\/2024\/11\/codd_date_3d-abstract-background-with-low-poly-plexus-design-1024x717.jpg","type":"","width":"","height":""}],"twitter_card":"summary_large_image","twitter_misc":{"Tiempo de lectura":"6 minutos"},"schema":{"@context":"https:\/\/schema.org","@graph":[{"@type":"WebPage","@id":"https:\/\/www.codd-date.com\/es\/contactos\/","url":"https:\/\/www.codd-date.com\/es\/contactos\/","name":"Contactos - codd&amp;date","isPartOf":{"@id":"https:\/\/www.codd-date.com\/es\/#website"},"datePublished":"2024-11-07T14:09:21+00:00","dateModified":"2024-12-10T17:16:28+00:00","description":"Con Codd&Date, aumenta la efectividad de las iniciativas estrat\u00e9gicas en gobernanza de TI, enfoques basados en datos y estrategia de TI. Entra y cont\u00e1ctanos. Entra y cont\u00e1ctanos.","breadcrumb":{"@id":"https:\/\/www.codd-date.com\/es\/contactos\/#breadcrumb"},"inLanguage":"es","potentialAction":[{"@type":"ReadAction","target":["https:\/\/www.codd-date.com\/es\/contactos\/"]}]},{"@type":"BreadcrumbList","@id":"https:\/\/www.codd-date.com\/es\/contactos\/#breadcrumb","itemListElement":[{"@type":"ListItem","position":1,"name":"Home","item":"https:\/\/www.codd-date.com\/es\/"},{"@type":"ListItem","position":2,"name":"Contactos"}]},{"@type":"WebSite","@id":"https:\/\/www.codd-date.com\/es\/#website","url":"https:\/\/www.codd-date.com\/es\/","name":"Codd&Date","description":"Consulting and Solution","publisher":{"@id":"https:\/\/www.codd-date.com\/es\/#organization"},"potentialAction":[{"@type":"SearchAction","target":{"@type":"EntryPoint","urlTemplate":"https:\/\/www.codd-date.com\/es\/?s={search_term_string}"},"query-input":{"@type":"PropertyValueSpecification","valueRequired":true,"valueName":"search_term_string"}}],"inLanguage":"es"},{"@type":"Organization","@id":"https:\/\/www.codd-date.com\/es\/#organization","name":"Codd&Date","url":"https:\/\/www.codd-date.com\/es\/","logo":{"@type":"ImageObject","inLanguage":"es","@id":"https:\/\/www.codd-date.com\/es\/#\/schema\/logo\/image\/","url":"https:\/\/www.codd-date.com\/wp-content\/uploads\/2024\/11\/codd_date_logo_300_color.png","contentUrl":"https:\/\/www.codd-date.com\/wp-content\/uploads\/2024\/11\/codd_date_logo_300_color.png","width":300,"height":51,"caption":"Codd&Date"},"image":{"@id":"https:\/\/www.codd-date.com\/es\/#\/schema\/logo\/image\/"}}]}},"_links":{"self":[{"href":"https:\/\/www.codd-date.com\/es\/wp-json\/wp\/v2\/pages\/743","targetHints":{"allow":["GET"]}}],"collection":[{"href":"https:\/\/www.codd-date.com\/es\/wp-json\/wp\/v2\/pages"}],"about":[{"href":"https:\/\/www.codd-date.com\/es\/wp-json\/wp\/v2\/types\/page"}],"author":[{"embeddable":true,"href":"https:\/\/www.codd-date.com\/es\/wp-json\/wp\/v2\/users\/2"}],"replies":[{"embeddable":true,"href":"https:\/\/www.codd-date.com\/es\/wp-json\/wp\/v2\/comments?post=743"}],"version-history":[{"count":2,"href":"https:\/\/www.codd-date.com\/es\/wp-json\/wp\/v2\/pages\/743\/revisions"}],"predecessor-version":[{"id":745,"href":"https:\/\/www.codd-date.com\/es\/wp-json\/wp\/v2\/pages\/743\/revisions\/745"}],"wp:attachment":[{"href":"https:\/\/www.codd-date.com\/es\/wp-json\/wp\/v2\/media?parent=743"}],"curies":[{"name":"wp","href":"https:\/\/api.w.org\/{rel}","templated":true}]}}